{"id":243,"date":"2022-05-04T19:57:53","date_gmt":"2022-05-04T17:57:53","guid":{"rendered":"http:\/\/195.196.91.155\/?page_id=243"},"modified":"2026-03-25T12:15:08","modified_gmt":"2026-03-25T11:15:08","slug":"priser","status":"publish","type":"page","link":"https:\/\/jokkmokksvarmeverk.se\/index.php\/priser\/","title":{"rendered":"Priser"},"content":{"rendered":"\n<h1 class=\"wp-block-heading\">Fj\u00e4rrv\u00e4rmepris villor 2026<\/h1>\n\n\n\n<p class=\"wp-block-paragraph\">Fj\u00e4rrv\u00e4rmepris villor 2026, alla priser inklusive moms.<\/p>\n\n\n\n<p class=\"wp-block-paragraph\"><strong>Pris\/kWh:<\/strong><\/p>\n\n\n\n<p class=\"wp-block-paragraph\">90,71 \u00f6re<\/p>\n\n\n\n<p class=\"wp-block-paragraph\"><strong>Fast avgift per \u00e5r:<\/strong><\/p>\n\n\n\n<figure class=\"wp-block-table\"><table><tbody><tr><td>Villataxa 1 (f\u00f6rbrukning mindre \u00e4n 16000 kWh):<\/td><td>\u00a0 \u00a0<strong>5 179 kr<\/strong><\/td><\/tr><tr><td>Villataxa 2 (f\u00f6rbrukning 16000 kWh till 24999 kWh):<\/td><td><strong>\u00a0 \u00a07 075 kr<\/strong><\/td><\/tr><tr><td>Villataxa 3 (f\u00f6rbrukning 25000 kWh till&nbsp;29999 kWh):<\/td><td><strong>\u00a0\u00a0 9 277 kr<\/strong><\/td><\/tr><tr><td>Villataxa 4 (f\u00f6rbrukning 30000 kWh till&nbsp;49999 kWh):<\/td><td>\u00a0<strong>\u00a011 098 kr<\/strong><\/td><\/tr><tr><td>Villataxa 5 (f\u00f6rbrukning fr\u00e5n 50000 kWh och&nbsp;mer):<\/td><td><strong>  17 156 kr<\/strong><\/td><\/tr><\/tbody><\/table><\/figure>\n\n\n\n<div style=\"height:485px\" aria-hidden=\"true\" class=\"wp-block-spacer\"><\/div>\n","protected":false},"excerpt":{"rendered":"<p>Fj\u00e4rrv\u00e4rmepris villor 2026 Fj\u00e4rrv\u00e4rmepris villor 2026, alla priser inklusive moms. Pris\/kWh: 90,71 \u00f6re Fast avgift per \u00e5r: Villataxa 1 (f\u00f6rbrukning mindre \u00e4n 16000 kWh): \u00a0 \u00a05 179 kr Villataxa 2 (f\u00f6rbrukning 16000 kWh till 24999 kWh): \u00a0 \u00a07 075 kr Villataxa 3 (f\u00f6rbrukning 25000 kWh till&nbsp;29999 kWh): \u00a0\u00a0 9 277 kr Villataxa 4 (f\u00f6rbrukning 30000 &hellip; <\/p>\n<p class=\"link-more\"><a href=\"https:\/\/jokkmokksvarmeverk.se\/index.php\/priser\/\" class=\"more-link\">L\u00e4s mer<span class=\"screen-reader-text\"> \u201dPriser\u201d<\/span><\/a><\/p>\n","protected":false},"author":1,"featured_media":0,"parent":0,"menu_order":0,"comment_status":"closed","ping_status":"closed","template":"","meta":{"_crdt_document":"","inspiro_hide_title":false,"footnotes":""},"class_list":["post-243","page","type-page","status-publish","hentry"],"_links":{"self":[{"href":"https:\/\/jokkmokksvarmeverk.se\/index.php\/wp-json\/wp\/v2\/pages\/243","targetHints":{"allow":["GET"]}}],"collection":[{"href":"https:\/\/jokkmokksvarmeverk.se\/index.php\/wp-json\/wp\/v2\/pages"}],"about":[{"href":"https:\/\/jokkmokksvarmeverk.se\/index.php\/wp-json\/wp\/v2\/types\/page"}],"author":[{"embeddable":true,"href":"https:\/\/jokkmokksvarmeverk.se\/index.php\/wp-json\/wp\/v2\/users\/1"}],"replies":[{"embeddable":true,"href":"https:\/\/jokkmokksvarmeverk.se\/index.php\/wp-json\/wp\/v2\/comments?post=243"}],"version-history":[{"count":9,"href":"https:\/\/jokkmokksvarmeverk.se\/index.php\/wp-json\/wp\/v2\/pages\/243\/revisions"}],"predecessor-version":[{"id":781,"href":"https:\/\/jokkmokksvarmeverk.se\/index.php\/wp-json\/wp\/v2\/pages\/243\/revisions\/781"}],"wp:attachment":[{"href":"https:\/\/jokkmokksvarmeverk.se\/index.php\/wp-json\/wp\/v2\/media?parent=243"}],"curies":[{"name":"wp","href":"https:\/\/api.w.org\/{rel}","templated":true}]}}