{"id":256,"date":"2022-05-04T20:28:28","date_gmt":"2022-05-04T18:28:28","guid":{"rendered":"http:\/\/195.196.91.155\/?page_id=256"},"modified":"2025-03-20T09:02:55","modified_gmt":"2025-03-20T08:02:55","slug":"anslut-ditt-hem","status":"publish","type":"page","link":"https:\/\/jokkmokksvarmeverk.se\/index.php\/anslut-ditt-hem\/","title":{"rendered":"Anslut ditt hem"},"content":{"rendered":"\n<p class=\"wp-block-paragraph\"><strong>Hur ansluter jag fj\u00e4rrv\u00e4rme?<\/strong><br>Det \u00e4r enkelt att ansluta fj\u00e4rrv\u00e4rme b\u00e5de till befintliga fastigheter och nybyggda. Om det finns fj\u00e4rrv\u00e4rmeledningar i n\u00e4rheten av huset g\u00e5r det b\u00e5de fort och smidigt att ansluta sig.<\/p>\n\n\n\n<p class=\"wp-block-paragraph\">B\u00f6rja med att meddela ditt intresse f\u00f6r fj\u00e4rrv\u00e4rme direkt h\u00e4r p\u00e5 webben via v\u00e5rt formul\u00e4r <a href=\"https:\/\/jokkmokksvarmeverk.se\/index.php\/intresseanmalan\/\">H\u00c4R<\/a> eller genom att kontakta oss via mail eller telefon. Jokkmokks V\u00e4rmeverk utreder hur vi g\u00e5r vidare med anslutningen och bokar tid f\u00f6r ett bes\u00f6k hemma hos dig f\u00f6r att g\u00e5 igenom f\u00f6ruts\u00e4ttningarna. Vi tittar p\u00e5 l\u00e4mplig dragning av ledningar och placering av fj\u00e4rrv\u00e4rmecentralen.<\/p>\n\n\n\n<p class=\"wp-block-paragraph\">N\u00e4r vi har en signerad \u00f6verenskommelse om anslutning, kontaktar vi dig och bokar in en tid f\u00f6r byggnation och installation av fj\u00e4rrv\u00e4rme.&nbsp;<\/p>\n\n\n\n<p class=\"wp-block-paragraph\">Ledningar f\u00f6r fj\u00e4rrv\u00e4rme dras normalt kortaste v\u00e4gen fr\u00e5n fj\u00e4rrv\u00e4rmekulverten i gatan till huset. Innan gr\u00e4vning p\u00e5b\u00f6rjas studeras ledningskartor f\u00f6r att inte skada befintliga r\u00f6r och kablar p\u00e5 tomten. Om m\u00f6jligt undviks asfalterade eller stenlagda ytor.&nbsp;<\/p>\n\n\n\n<p class=\"wp-block-paragraph\">Ett h\u00e5l tas upp i husgrund eller v\u00e4gg f\u00f6r fj\u00e4rrv\u00e4rmeledningarna och anslutningsventiler monteras p\u00e5 insidan av husv\u00e4ggen. Du beh\u00f6ver inte ha k\u00e4llare f\u00f6r att ansluta fj\u00e4rrv\u00e4rme utan genomf\u00f6ringen kan g\u00f6ras p\u00e5 flera olika s\u00e4tt. G\u00f6rs genomf\u00f6ringen genom v\u00e4gg s\u00e5 t\u00e4cks ledningarna av en skyddsk\u00e5pa p\u00e5 ytterv\u00e4ggen.<\/p>\n\n\n\n<p class=\"wp-block-paragraph\">Efter avslutat r\u00f6rarbete \u00e5terst\u00e4ller vi schaktet i gatan och p\u00e5 din tomt. Asfalterade ytor samt h\u00e5let f\u00f6r hus-genomf\u00f6ring \u00e5terst\u00e4lls efter ledningarna har dragits, det sista finputset med att spackla och m\u00e5la \u00e5ligger fastighets\u00e4garen. Jokkmokks Energi tillhandah\u00e5ller matjord. D\u00e4refter ansvarar fastighets\u00e4garen f\u00f6r fin\u00e5terst\u00e4llning.<\/p>\n\n\n\n<p class=\"wp-block-paragraph\">I anslutningskostnaden ing\u00e5r en fj\u00e4rrv\u00e4rmecentral som du sedan \u00e4ger. Den monteras och kopplas in mot husets befintliga v\u00e4rme- och varmvattensystem samt ansluts till el. Vi erbjuder 10 \u00e5rs garanti p\u00e5 undercentralen om du tecknar ett serviceavtal. F\u00f6r att installera centralen kan befintlig utrustning beh\u00f6va demonteras och flyttas \u00e5t sidan. Bortforsling och skrotning av till exempel el-panna ing\u00e5r inte utan kan offereras som tillval. Vi isolerar alla fj\u00e4rrv\u00e4rmer\u00f6r, st\u00e4dar upp och g\u00f6r en grov \u00e5terst\u00e4llning (ej spackling eller m\u00e5lning) d\u00e4r ingrepp gjorts f\u00f6r inv\u00e4ndiga ledningsdragningar.<\/p>\n\n\n\n<p class=\"wp-block-paragraph\">Din fj\u00e4rrv\u00e4rmecentral f\u00f6rses med en fj\u00e4rrv\u00e4rmem\u00e4tare och n\u00e4r allt \u00e4r monterat och klart s\u00e5 besiktas anl\u00e4ggningen av Jokkmokks Energi. Fj\u00e4rrv\u00e4rmeleveransen startas n\u00e4r anl\u00e4ggningen \u00e4r besiktigad och godk\u00e4nd, i regel samma dag. Vi visar dig d\u00e5 \u00e4ven hur din nya fj\u00e4rrv\u00e4rmecentral fungerar.\u00a0<\/p>\n\n\n\n<p class=\"wp-block-paragraph\"><a href=\"https:\/\/jokkmokksvarmeverk.se\/wp-content\/uploads\/2024\/02\/Overenskommelse-for-fjarrvarme-2024-1.pdf\"><em>\u00d6verenskommelse<\/em><\/a><br><a href=\"https:\/\/jokkmokksvarmeverk.se\/wp-content\/uploads\/2024\/02\/Bilaga-till-overenskommelse-villor-2024.pdf\"><em>Bilaga till \u00f6verenskommelse<\/em><\/a><\/p>\n\n\n\n<p class=\"wp-block-paragraph\"><em>Undertecknad \u00f6verenskommelse<\/em> s<em>kickas till:<\/em><\/p>\n\n\n\n<p class=\"wp-block-paragraph\"><em>Jokkmokks Energi AB<\/em><br><em>Box 150<\/em><br><em>962 24 Jokkmokk<\/em><\/p>\n\n\n\n<div style=\"height:46px\" aria-hidden=\"true\" class=\"wp-block-spacer\"><\/div>\n\n\n\n<div style=\"height:100px\" aria-hidden=\"true\" class=\"wp-block-spacer\"><\/div>\n\n\n\n<div class=\"wp-block-buttons is-content-justification-center is-layout-flex wp-container-core-buttons-is-layout-d61d70aa wp-block-buttons-is-layout-flex\">\n<div class=\"wp-block-button is-style-outline is-style-outline--1\"><a class=\"wp-block-button__link has-vivid-cyan-blue-background-color has-background wp-element-button\" href=\"\/\" style=\"border-radius:10px\">Tillbaka<\/a><\/div>\n<\/div>\n\n\n\n<div style=\"height:416px\" aria-hidden=\"true\" class=\"wp-block-spacer\"><\/div>\n","protected":false},"excerpt":{"rendered":"<p>Hur ansluter jag fj\u00e4rrv\u00e4rme?Det \u00e4r enkelt att ansluta fj\u00e4rrv\u00e4rme b\u00e5de till befintliga fastigheter och nybyggda. Om det finns fj\u00e4rrv\u00e4rmeledningar i n\u00e4rheten av huset g\u00e5r det b\u00e5de fort och smidigt att ansluta sig. B\u00f6rja med att meddela ditt intresse f\u00f6r fj\u00e4rrv\u00e4rme direkt h\u00e4r p\u00e5 webben via v\u00e5rt formul\u00e4r H\u00c4R eller genom att kontakta oss via mail &hellip; <\/p>\n<p class=\"link-more\"><a href=\"https:\/\/jokkmokksvarmeverk.se\/index.php\/anslut-ditt-hem\/\" class=\"more-link\">L\u00e4s mer<span class=\"screen-reader-text\"> \u201dAnslut ditt hem\u201d<\/span><\/a><\/p>\n","protected":false},"author":1,"featured_media":0,"parent":0,"menu_order":0,"comment_status":"closed","ping_status":"closed","template":"","meta":{"_crdt_document":"","inspiro_hide_title":false,"footnotes":""},"class_list":["post-256","page","type-page","status-publish","hentry"],"_links":{"self":[{"href":"https:\/\/jokkmokksvarmeverk.se\/index.php\/wp-json\/wp\/v2\/pages\/256","targetHints":{"allow":["GET"]}}],"collection":[{"href":"https:\/\/jokkmokksvarmeverk.se\/index.php\/wp-json\/wp\/v2\/pages"}],"about":[{"href":"https:\/\/jokkmokksvarmeverk.se\/index.php\/wp-json\/wp\/v2\/types\/page"}],"author":[{"embeddable":true,"href":"https:\/\/jokkmokksvarmeverk.se\/index.php\/wp-json\/wp\/v2\/users\/1"}],"replies":[{"embeddable":true,"href":"https:\/\/jokkmokksvarmeverk.se\/index.php\/wp-json\/wp\/v2\/comments?post=256"}],"version-history":[{"count":25,"href":"https:\/\/jokkmokksvarmeverk.se\/index.php\/wp-json\/wp\/v2\/pages\/256\/revisions"}],"predecessor-version":[{"id":710,"href":"https:\/\/jokkmokksvarmeverk.se\/index.php\/wp-json\/wp\/v2\/pages\/256\/revisions\/710"}],"wp:attachment":[{"href":"https:\/\/jokkmokksvarmeverk.se\/index.php\/wp-json\/wp\/v2\/media?parent=256"}],"curies":[{"name":"wp","href":"https:\/\/api.w.org\/{rel}","templated":true}]}}