{"id":5,"date":"2022-05-03T12:26:16","date_gmt":"2022-05-03T10:26:16","guid":{"rendered":"http:\/\/195.196.91.155\/?page_id=5"},"modified":"2026-03-25T12:12:50","modified_gmt":"2026-03-25T11:12:50","slug":"jokkmokks-varmeverk-ab","status":"publish","type":"page","link":"https:\/\/jokkmokksvarmeverk.se\/","title":{"rendered":"V\u00e4lkommen"},"content":{"rendered":"\n<p class=\"has-white-color has-text-color wp-block-paragraph\"><p class=\"has-white-color has-text-color\" id=\"omoss\">&#8211;<\/p><\/p>\n\n\n\n<div style=\"height:107px\" aria-hidden=\"true\" class=\"wp-block-spacer\"><\/div>\n\n\n\n<div class=\"wp-block-columns is-layout-flex wp-container-core-columns-is-layout-0e47273b wp-block-columns-is-layout-flex\">\n<div class=\"wp-block-column is-layout-flow wp-block-column-is-layout-flow\">\n<div class=\"wp-block-columns is-layout-flex wp-container-core-columns-is-layout-0e47273b wp-block-columns-is-layout-flex\">\n<div class=\"wp-block-column is-layout-flow wp-block-column-is-layout-flow\">\n<h1 class=\"wp-block-heading\" style=\"font-style:normal;font-weight:200\">Om oss och v\u00e5r historia<\/h1>\n\n\n\n<p class=\"wp-block-paragraph\">Jokkmokks Energi AB, fd. Jokkmokks V\u00e4rmeverk AB, \u00e4r ett kommun\u00e4gt bolag och bildades 1979. Produktionen startade med en oljepanncentral p\u00e5 Kaitumg\u00e5rden.<\/p>\n\n\n\n<p class=\"wp-block-paragraph\">1982 togs hetvattencentralen&nbsp;i drift och fem maskinister anst\u00e4lldes med kontinuerlig skiftg\u00e5ng. \u00c5ren 1981-1984 byggdes fj\u00e4rrv\u00e4rmen\u00e4tet ut till att omfatta st\u00f6rre delen av t\u00e4torten. 1997 b\u00f6rjade vi ansluta villor till fj\u00e4rrv\u00e4rmen\u00e4tet.<\/p>\n\n\n\n<p class=\"wp-block-paragraph\">Bolaget har idag sju anst\u00e4llda. Antalet anl\u00e4ggningar uppg\u00e5r till 522 st varav 332 \u00e4r villor.<\/p>\n\n\n\n<p class=\"wp-block-paragraph\">Vi levererar \u00e5rligen cirka 34 GWh v\u00e4rme. 90% av v\u00e4rmen produceras med flis och bark. 10% av v\u00e4rmen produceras med pellets. Olja anv\u00e4nds fr\u00e4mst f\u00f6r att s\u00e4kerst\u00e4lla leverans av v\u00e4rme i samband med eventuella driftst\u00f6rningar.<\/p>\n\n\n\n<p class=\"wp-block-paragraph\">Jokkmokks Energi AB producerar eget br\u00e4nsle med flistugg med r\u00e5varor fr\u00e5n lokala leverant\u00f6rer.<\/p>\n\n\n\n<p class=\"wp-block-paragraph\">2025 s\u00e5 bytte Jokkmokks V\u00e4rmeverk AB namn till Jokkmokks Energi AB Namnbytet speglar v\u00e5r bredare inriktning och v\u00e5rt fortsatta arbete f\u00f6r en h\u00e5llbar och trygg energif\u00f6rs\u00f6rjning i Jokkmokk. <\/p>\n\n\n\n<p class=\"wp-block-paragraph\">Trots det nya namnet \u00e4r v\u00e5r verksamhet densamma \u2013 vi levererar p\u00e5litlig energi med fokus p\u00e5 kvalitet, milj\u00f6 och lokal utveckling.<\/p>\n\n\n\n<p class=\"wp-block-paragraph\">Just nu p\u00e5g\u00e5r arbetet med att skapa en modernare och mer funktionell hemsida. S\u00e5 fort den nya hemsidan \u00e4r f\u00e4rdig s\u00e5 kommer du automatiskt dit n\u00e4r du bes\u00f6ker denna hemsida. <\/p>\n<\/div>\n\n\n\n<div class=\"wp-block-column is-layout-flow wp-block-column-is-layout-flow\">\n<figure class=\"wp-block-image alignright size-full\"><img loading=\"lazy\" decoding=\"async\" width=\"532\" height=\"307\" src=\"https:\/\/jokkmokksvarmeverk.se\/wp-content\/uploads\/2022\/05\/jokkmokks-varmeverk_LRG.png\" alt=\"\" class=\"wp-image-238\" srcset=\"https:\/\/jokkmokksvarmeverk.se\/wp-content\/uploads\/2022\/05\/jokkmokks-varmeverk_LRG.png 532w, https:\/\/jokkmokksvarmeverk.se\/wp-content\/uploads\/2022\/05\/jokkmokks-varmeverk_LRG-300x173.png 300w\" sizes=\"auto, (max-width: 532px) 100vw, 532px\" \/><\/figure>\n\n\n\n<figure class=\"wp-block-image aligncenter size-large\"><img loading=\"lazy\" decoding=\"async\" width=\"882\" height=\"1024\" src=\"https:\/\/jokkmokksvarmeverk.se\/wp-content\/uploads\/2022\/05\/fjarrvarme-ex.-882x1024.png\" alt=\"\" class=\"wp-image-37\" srcset=\"https:\/\/jokkmokksvarmeverk.se\/wp-content\/uploads\/2022\/05\/fjarrvarme-ex.-882x1024.png 882w, https:\/\/jokkmokksvarmeverk.se\/wp-content\/uploads\/2022\/05\/fjarrvarme-ex.-258x300.png 258w, https:\/\/jokkmokksvarmeverk.se\/wp-content\/uploads\/2022\/05\/fjarrvarme-ex.-768x892.png 768w, https:\/\/jokkmokksvarmeverk.se\/wp-content\/uploads\/2022\/05\/fjarrvarme-ex..png 1024w\" sizes=\"auto, (max-width: 882px) 100vw, 882px\" \/><\/figure>\n<\/div>\n<\/div>\n<\/div>\n<\/div>\n\n\n\n<p class=\"has-white-color has-text-color wp-block-paragraph\"><p class=\"has-white-color has-text-color\" id=\"aboveservice\">H<\/p><\/p>\n\n\n\n<div style=\"height:100px\" aria-hidden=\"true\" class=\"wp-block-spacer\"><\/div>\n\n\n\n<div class=\"wp-block-columns is-layout-flex wp-container-core-columns-is-layout-0e47273b wp-block-columns-is-layout-flex\">\n<div class=\"wp-block-column has-background is-layout-flow wp-block-column-is-layout-flow\" style=\"background-color:#e8e8e8;flex-basis:100%\">\n<h2 class=\"wp-block-heading has-text-align-center alignfull has-x-large-font-size\" id=\"services\" style=\"font-style:normal;font-weight:200\">V\u00e5ra Tj\u00e4nster<\/h2>\n\n\n\n<p class=\"has-text-align-center wp-block-paragraph\">Nedan hittar du n\u00e5gra av v\u00e5ra tj\u00e4nster. F\u00f6r mer information och hj\u00e4lp s\u00e5 \u00e4r det bara att kontakta oss.<\/p>\n\n\n\n<p class=\"has-text-align-center wp-block-paragraph\">Vi hj\u00e4lper g\u00e4rna till!<\/p>\n\n\n\n<div class=\"wp-block-buttons is-content-justification-center is-layout-flex wp-container-core-buttons-is-layout-b0ca9656 wp-block-buttons-is-layout-flex\">\n<div class=\"wp-block-button is-style-outline is-style-outline--1\"><a class=\"wp-block-button__link has-black-color has-white-background-color has-text-color has-background has-small-font-size has-custom-font-size wp-element-button\" href=\"\/index.php\/kontakta-oss\/\" style=\"border-radius:10px\">Kontakta oss<\/a><\/div>\n<\/div>\n\n\n\n<div style=\"height:100px\" aria-hidden=\"true\" class=\"wp-block-spacer\"><\/div>\n<\/div>\n<\/div>\n\n\n\n<div class=\"wp-block-columns alignwide is-layout-flex wp-container-core-columns-is-layout-0e47273b wp-block-columns-is-layout-flex\">\n<div class=\"wp-block-column has-text-color has-background has-link-color wp-elements-54d6e1d8312112ae978c462c38f4b7d2 is-layout-flow wp-block-column-is-layout-flow\" style=\"color:#000000;background-color:#e8e8e8;padding-top:2em;padding-right:2em;padding-bottom:2em;padding-left:2em\">\n<h2 class=\"wp-block-heading has-text-align-center has-large-font-size\" style=\"font-style:normal;font-weight:200\">Teckna Trygghetsavtal<\/h2>\n\n\n\n<p class=\"wp-block-paragraph\">Med Trygghetsavtal s\u00e5 kan du k\u00e4nna dig lugn och \u00f6verl\u00e4mna till oss att ta hand om din fj\u00e4rrv\u00e4rmeanl\u00e4ggning.<\/p>\n\n\n\n<p class=\"wp-block-paragraph\">Det kan vara en trygghet eftersom du sj\u00e4lv \u00e4ger din fj\u00e4rrv\u00e4rmeanl\u00e4ggning. <\/p>\n\n\n\n<p class=\"wp-block-paragraph\">Ett Trygghetsavtal inneb\u00e4r att vi \u00e5rligen g\u00e5r igenom och servar din fj\u00e4rrv\u00e4rmeanl\u00e4ggning f\u00f6r att f\u00f6rhindra problem, men \u00e4ven f\u00f6r att s\u00e4kerst\u00e4lla att den arbetar s\u00e5 effektivt och ekonomiskt som m\u00f6jligt. <\/p>\n\n\n\n<p class=\"wp-block-paragraph\">Vid problem med er anl\u00e4ggning kan ni kontakta oss s\u00e5 kommer vi till unds\u00e4ttning.<\/p>\n\n\n\n<p class=\"wp-block-paragraph\">Vi f\u00f6rs\u00f6ker alltid h\u00e5lla ett reservdelslager till er anl\u00e4ggning, s\u00e5 att problemen kan avhj\u00e4lpas s\u00e5 fort som m\u00f6jligt.<\/p>\n\n\n\n<div class=\"wp-block-buttons is-layout-flex wp-block-buttons-is-layout-flex\">\n<div class=\"wp-block-button is-style-outline is-style-outline--2\"><a class=\"wp-block-button__link has-black-color has-white-background-color has-text-color has-background has-small-font-size has-custom-font-size wp-element-button\" href=\"\/index.php\/serviceavtal\/\" style=\"border-radius:10px\">L\u00e4s mer om Trygghetsavtal<\/a><\/div>\n<\/div>\n\n\n\n<div style=\"height:18px\" aria-hidden=\"true\" class=\"wp-block-spacer\"><\/div>\n\n\n\n<div class=\"wp-block-buttons is-layout-flex wp-block-buttons-is-layout-flex\">\n<div class=\"wp-block-button is-style-outline is-style-outline--3\"><a class=\"wp-block-button__link has-black-color has-white-background-color has-text-color has-background has-small-font-size has-custom-font-size wp-element-button\" href=\"https:\/\/jokkmokk.enamnd.se\/serviceavtal\" style=\"border-radius:10px\" target=\"_blank\" rel=\"noreferrer noopener\">Teckna Trygghetsavtal (E-Tj\u00e4nst)<\/a><\/div>\n<\/div>\n<\/div>\n\n\n\n<div class=\"wp-block-column has-text-color has-background has-link-color wp-elements-d3c09ae49b672e4f6c51e883d4f5aeda is-layout-flow wp-block-column-is-layout-flow\" style=\"color:#000000;background-color:#e8e8e8;padding-top:2em;padding-right:2em;padding-bottom:2em;padding-left:2em\"><\/div>\n\n\n\n<div class=\"wp-block-column has-text-color has-background has-link-color wp-elements-eb90864380d7c137e7c482004610debf is-layout-flow wp-block-column-is-layout-flow\" style=\"color:#000000;background-color:#e8e8e8;padding-top:2em;padding-right:2em;padding-bottom:2em;padding-left:2em\">\n<h3 class=\"wp-block-heading has-text-align-center has-large-font-size\" style=\"font-style:normal;font-weight:200\">Anslut ditt hem<\/h3>\n\n\n\n<p class=\"wp-block-paragraph\">Jokkmokks Energi producerar och distribuerar f\u00f6rnyelsebar energi f\u00f6r uppv\u00e4rmnings\u00e4ndam\u00e5l och varmvattenberedning till bost\u00e4der och lokaler.<\/p>\n\n\n\n<p class=\"wp-block-paragraph\">Vi hj\u00e4lper dig att installera och f\u00e5 en driftklar fj\u00e4rrv\u00e4rme-anl\u00e4ggning f\u00f6r b\u00e5de v\u00e4rme och varmvatten i din bostad. <\/p>\n\n\n\n<div class=\"wp-block-buttons is-layout-flex wp-block-buttons-is-layout-flex\">\n<div class=\"wp-block-button is-style-outline is-style-outline--4\"><a class=\"wp-block-button__link has-black-color has-white-background-color has-text-color has-background has-small-font-size has-custom-font-size wp-element-button\" href=\"\/index.php\/anslut-ditt-hem\/\" style=\"border-radius:10px\">Mer information om hur det g\u00e5r till<\/a><\/div>\n<\/div>\n\n\n\n<div style=\"height:23px\" aria-hidden=\"true\" class=\"wp-block-spacer\"><\/div>\n\n\n\n<div class=\"wp-block-buttons is-layout-flex wp-block-buttons-is-layout-flex\">\n<div class=\"wp-block-button is-style-outline is-style-outline--5\"><a class=\"wp-block-button__link has-black-color has-white-background-color has-text-color has-background has-small-font-size has-custom-font-size wp-element-button\" href=\"\/index.php\/intresseanmalan\/\" style=\"border-radius:10px\">Skicka in en Intresseanm\u00e4lan<\/a><\/div>\n<\/div>\n\n\n\n<div style=\"height:23px\" aria-hidden=\"true\" class=\"wp-block-spacer\"><\/div>\n\n\n\n<div class=\"wp-block-buttons is-layout-flex wp-block-buttons-is-layout-flex\">\n<div class=\"wp-block-button is-style-outline is-style-outline--6\"><a class=\"wp-block-button__link has-black-color has-white-background-color has-text-color has-background has-small-font-size has-custom-font-size wp-element-button\" href=\"\/index.php\/kontakta-oss\/\" style=\"border-radius:10px\">Kontakta oss f\u00f6r mer information och om du har fr\u00e5gor<\/a><\/div>\n<\/div>\n<\/div>\n<\/div>\n\n\n\n<p class=\"wp-block-paragraph\"><\/p>\n","protected":false},"excerpt":{"rendered":"<p>&#8211; Om oss och v\u00e5r historia Jokkmokks Energi AB, fd. Jokkmokks V\u00e4rmeverk AB, \u00e4r ett kommun\u00e4gt bolag och bildades 1979. Produktionen startade med en oljepanncentral p\u00e5 Kaitumg\u00e5rden. 1982 togs hetvattencentralen&nbsp;i drift och fem maskinister anst\u00e4lldes med kontinuerlig skiftg\u00e5ng. \u00c5ren 1981-1984 byggdes fj\u00e4rrv\u00e4rmen\u00e4tet ut till att omfatta st\u00f6rre delen av t\u00e4torten. 1997 b\u00f6rjade vi ansluta villor &hellip; <\/p>\n<p class=\"link-more\"><a href=\"https:\/\/jokkmokksvarmeverk.se\/\" class=\"more-link\">L\u00e4s mer<span class=\"screen-reader-text\"> \u201dV\u00e4lkommen\u201d<\/span><\/a><\/p>\n","protected":false},"author":1,"featured_media":0,"parent":0,"menu_order":0,"comment_status":"closed","ping_status":"closed","template":"","meta":{"_crdt_document":"","inspiro_hide_title":false,"footnotes":""},"class_list":["post-5","page","type-page","status-publish","hentry"],"_links":{"self":[{"href":"https:\/\/jokkmokksvarmeverk.se\/index.php\/wp-json\/wp\/v2\/pages\/5","targetHints":{"allow":["GET"]}}],"collection":[{"href":"https:\/\/jokkmokksvarmeverk.se\/index.php\/wp-json\/wp\/v2\/pages"}],"about":[{"href":"https:\/\/jokkmokksvarmeverk.se\/index.php\/wp-json\/wp\/v2\/types\/page"}],"author":[{"embeddable":true,"href":"https:\/\/jokkmokksvarmeverk.se\/index.php\/wp-json\/wp\/v2\/users\/1"}],"replies":[{"embeddable":true,"href":"https:\/\/jokkmokksvarmeverk.se\/index.php\/wp-json\/wp\/v2\/comments?post=5"}],"version-history":[{"count":110,"href":"https:\/\/jokkmokksvarmeverk.se\/index.php\/wp-json\/wp\/v2\/pages\/5\/revisions"}],"predecessor-version":[{"id":779,"href":"https:\/\/jokkmokksvarmeverk.se\/index.php\/wp-json\/wp\/v2\/pages\/5\/revisions\/779"}],"wp:attachment":[{"href":"https:\/\/jokkmokksvarmeverk.se\/index.php\/wp-json\/wp\/v2\/media?parent=5"}],"curies":[{"name":"wp","href":"https:\/\/api.w.org\/{rel}","templated":true}]}}