{"id":635,"date":"2024-02-29T06:03:56","date_gmt":"2024-02-29T05:03:56","guid":{"rendered":"https:\/\/jokkmokksvarmeverk.se\/?page_id=635"},"modified":"2024-02-29T13:25:52","modified_gmt":"2024-02-29T12:25:52","slug":"mina-sidor","status":"publish","type":"page","link":"https:\/\/jokkmokksvarmeverk.se\/index.php\/mina-sidor\/","title":{"rendered":"Mina Sidor"},"content":{"rendered":"\n<p class=\"wp-block-paragraph\">F\u00f6r dig som \u00e4r kund hos oss erbjuder vi tj\u00e4nsten <em>Mina sidor<\/em>. D\u00e4r kan du logga in och se din f\u00f6rbrukning, dina fakturor, registrera \u00e4garbyte med mera.<\/p>\n\n\n\n<p class=\"wp-block-paragraph\">F\u00f6lj l\u00e4nken nedan f\u00f6r att komma till <em>Mina sidor.<\/em> F\u00f6r att logga in anger du f\u00f6rst ditt kundnummer som du hittar p\u00e5 fakturan fr\u00e5n oss, och sedan personnumret eller organisationsnumret f\u00f6r den som st\u00e5r p\u00e5 abonnemanget.<\/p>\n\n\n\n<div class=\"wp-block-buttons is-layout-flex wp-block-buttons-is-layout-flex\">\n<div class=\"wp-block-button\"><a class=\"wp-block-button__link wp-element-button\" href=\"https:\/\/edpm.jokkmokk.se\/FutureWeb\/EDPLogin\/LogIn\" style=\"border-radius:26px\" target=\"_blank\" rel=\"noreferrer noopener\">Logga in<\/a><\/div>\n<\/div>\n\n\n\n<div style=\"height:204px\" aria-hidden=\"true\" class=\"wp-block-spacer\"><\/div>\n","protected":false},"excerpt":{"rendered":"<p>F\u00f6r dig som \u00e4r kund hos oss erbjuder vi tj\u00e4nsten Mina sidor. D\u00e4r kan du logga in och se din f\u00f6rbrukning, dina fakturor, registrera \u00e4garbyte med mera. F\u00f6lj l\u00e4nken nedan f\u00f6r att komma till Mina sidor. F\u00f6r att logga in anger du f\u00f6rst ditt kundnummer som du hittar p\u00e5 fakturan fr\u00e5n oss, och sedan personnumret &hellip; <\/p>\n<p class=\"link-more\"><a href=\"https:\/\/jokkmokksvarmeverk.se\/index.php\/mina-sidor\/\" class=\"more-link\">L\u00e4s mer<span class=\"screen-reader-text\"> \u201dMina Sidor\u201d<\/span><\/a><\/p>\n","protected":false},"author":1,"featured_media":0,"parent":0,"menu_order":0,"comment_status":"closed","ping_status":"closed","template":"","meta":{"_crdt_document":"","inspiro_hide_title":false,"footnotes":""},"class_list":["post-635","page","type-page","status-publish","hentry"],"_links":{"self":[{"href":"https:\/\/jokkmokksvarmeverk.se\/index.php\/wp-json\/wp\/v2\/pages\/635","targetHints":{"allow":["GET"]}}],"collection":[{"href":"https:\/\/jokkmokksvarmeverk.se\/index.php\/wp-json\/wp\/v2\/pages"}],"about":[{"href":"https:\/\/jokkmokksvarmeverk.se\/index.php\/wp-json\/wp\/v2\/types\/page"}],"author":[{"embeddable":true,"href":"https:\/\/jokkmokksvarmeverk.se\/index.php\/wp-json\/wp\/v2\/users\/1"}],"replies":[{"embeddable":true,"href":"https:\/\/jokkmokksvarmeverk.se\/index.php\/wp-json\/wp\/v2\/comments?post=635"}],"version-history":[{"count":5,"href":"https:\/\/jokkmokksvarmeverk.se\/index.php\/wp-json\/wp\/v2\/pages\/635\/revisions"}],"predecessor-version":[{"id":647,"href":"https:\/\/jokkmokksvarmeverk.se\/index.php\/wp-json\/wp\/v2\/pages\/635\/revisions\/647"}],"wp:attachment":[{"href":"https:\/\/jokkmokksvarmeverk.se\/index.php\/wp-json\/wp\/v2\/media?parent=635"}],"curies":[{"name":"wp","href":"https:\/\/api.w.org\/{rel}","templated":true}]}}