{"id":92,"date":"2022-05-04T06:35:10","date_gmt":"2022-05-04T04:35:10","guid":{"rendered":"http:\/\/195.196.91.155\/?page_id=92"},"modified":"2023-03-14T10:00:10","modified_gmt":"2023-03-14T09:00:10","slug":"driftinformation","status":"publish","type":"page","link":"https:\/\/jokkmokksvarmeverk.se\/index.php\/driftinformation\/","title":{"rendered":"Driftinformation"},"content":{"rendered":"\n<h1 class=\"wp-block-heading\">Driftinformation<\/h1>\n\n\n\n<p class=\"wp-block-paragraph\">H\u00e4r kan du se aktuella st\u00f6rningar f\u00f6r fj\u00e4rrv\u00e4rmeleveransen. Du kan ocks\u00e5 registrera din mobilnummer f\u00f6r att f\u00e5 ett SMS i det fall st\u00f6rningar f\u00f6r fj\u00e4rrv\u00e4rmeleveransen f\u00f6r din fastighet skulle ske. <strong><br><br><\/strong><em><a href=\"\/index.php\/sms-utskick-vid-driftstorningar\/\">Klicka h\u00e4r f\u00f6r att l\u00e4sa mer om SMS-utskicken<\/a><\/em><\/p>\n\n\n\n<iframe loading=\"lazy\" src=\"https:\/\/se.sms-service.dk\/iFrame\/driftstatus?customerId=65256704-d483-4e91-a352-7a25d13aeca8&amp;profileId=5437&amp;hideDates=1\" id=\"iFrame-module\" width=\"800\" height=\"550\" frameborder=\"0\"><\/iframe>\n\n<script type=\"text\/javascript\" src=\"https:\/\/se.sms-service.dk\/StaticFiles\/iFrameScript.js\"><\/script>\n\n\n\n<p class=\"wp-block-paragraph\"><strong>Karta \u00f6ver st\u00f6rningar<\/strong><\/p>\n\n\n\n<p class=\"wp-block-paragraph\">Klicka p\u00e5&nbsp;ikonen i kartbilden s\u00e5 f\u00e5r du mer information. Du kan zooma i kartan med plus och minus i kartbilden. Med hj\u00e4lp av&nbsp;muspekaren kan du dra f\u00f6r att flytta kartan.<\/p>\n\n\n\n<iframe loading=\"lazy\" src=\"https:\/\/se.sms-service.dk\/iFrame\/driftstatus-map?customerId=65256704-d483-4e91-a352-7a25d13aeca8&amp;profileIds=5437\" width=\"800\" height=\"875\"><\/iframe>\n","protected":false},"excerpt":{"rendered":"<p>Driftinformation H\u00e4r kan du se aktuella st\u00f6rningar f\u00f6r fj\u00e4rrv\u00e4rmeleveransen. Du kan ocks\u00e5 registrera din mobilnummer f\u00f6r att f\u00e5 ett SMS i det fall st\u00f6rningar f\u00f6r fj\u00e4rrv\u00e4rmeleveransen f\u00f6r din fastighet skulle ske. Klicka h\u00e4r f\u00f6r att l\u00e4sa mer om SMS-utskicken Karta \u00f6ver st\u00f6rningar Klicka p\u00e5&nbsp;ikonen i kartbilden s\u00e5 f\u00e5r du mer information. Du kan zooma i &hellip; <\/p>\n<p class=\"link-more\"><a href=\"https:\/\/jokkmokksvarmeverk.se\/index.php\/driftinformation\/\" class=\"more-link\">L\u00e4s mer<span class=\"screen-reader-text\"> \u201dDriftinformation\u201d<\/span><\/a><\/p>\n","protected":false},"author":1,"featured_media":0,"parent":0,"menu_order":0,"comment_status":"closed","ping_status":"closed","template":"","meta":{"_crdt_document":"","inspiro_hide_title":false,"footnotes":""},"class_list":["post-92","page","type-page","status-publish","hentry"],"_links":{"self":[{"href":"https:\/\/jokkmokksvarmeverk.se\/index.php\/wp-json\/wp\/v2\/pages\/92","targetHints":{"allow":["GET"]}}],"collection":[{"href":"https:\/\/jokkmokksvarmeverk.se\/index.php\/wp-json\/wp\/v2\/pages"}],"about":[{"href":"https:\/\/jokkmokksvarmeverk.se\/index.php\/wp-json\/wp\/v2\/types\/page"}],"author":[{"embeddable":true,"href":"https:\/\/jokkmokksvarmeverk.se\/index.php\/wp-json\/wp\/v2\/users\/1"}],"replies":[{"embeddable":true,"href":"https:\/\/jokkmokksvarmeverk.se\/index.php\/wp-json\/wp\/v2\/comments?post=92"}],"version-history":[{"count":29,"href":"https:\/\/jokkmokksvarmeverk.se\/index.php\/wp-json\/wp\/v2\/pages\/92\/revisions"}],"predecessor-version":[{"id":505,"href":"https:\/\/jokkmokksvarmeverk.se\/index.php\/wp-json\/wp\/v2\/pages\/92\/revisions\/505"}],"wp:attachment":[{"href":"https:\/\/jokkmokksvarmeverk.se\/index.php\/wp-json\/wp\/v2\/media?parent=92"}],"curies":[{"name":"wp","href":"https:\/\/api.w.org\/{rel}","templated":true}]}}